{"id":875,"date":"2022-03-10T13:27:10","date_gmt":"2022-03-10T12:27:10","guid":{"rendered":"http:\/\/www.myrtillevisscher.com\/?page_id=875"},"modified":"2022-03-10T13:27:10","modified_gmt":"2022-03-10T12:27:10","slug":"to-give-birth-work-in-progress","status":"publish","type":"page","link":"https:\/\/www.myrtillevisscher.com\/?page_id=875","title":{"rendered":"To give birth (work in progress)"},"content":{"rendered":"\n<p>France, 2018 &#8211; en cours<\/p>\n\n\n\n<p>Projet prot\u00e9iforme en cours de cr\u00e9ation, phase de recherche, documentation, rep\u00e9rages et exp\u00e9rimentations.<\/p>\n\n\n\n<p>Le point de d\u00e9part est la rencontre avec des sages-femmes lib\u00e9rales accompagnant des accouchements \u00e0 domicile ; et avec des couples faisant ce choix controvers\u00e9 de donner naissance dans un lieu autre qu\u2019une maternit\u00e9.<\/p>\n\n\n\n<p>Apr\u00e8s la formation \u201c\u2009Dramaturgie et Documentaire\u2009\u201d suivie entre juin et novembre 2018, ce projet d\u2019auto-fiction documentaire se r\u00e9v\u00e8le \u00eatre une enqu\u00eate improbable autour de l\u2019amour maternel (Quelle forme, quelle couleur \u00e7a a ? O\u00f9 et dans quel organe du corps \u00e7a se trouve ? Qui en a ?).<br>Tout en jouant du \u201cpriv\u00e9 est politique\u201d, je souhaite cr\u00e9er une s\u00e9rie consacr\u00e9e aux manifestations visuelles et textuelles des m\u00e9canismes intimes et sociaux, allant peut-\u00eatre jusqu\u2019aux tabous entourant l\u2019accouchement \u00e0 domicile, aujourd\u2019hui grandement stigmatis\u00e9 en France (et beaucoup moins dans d\u2019autres pays).<\/p>\n\n\n\n<p>Les m\u00e9diums utilis\u00e9s seront divers et compl\u00e9mentaires : photos, textes, dessins, documents collect\u00e9s, enregistrements audio, interviews et t\u00e9moignages film\u00e9s.<\/p>\n\n\n\n<figure class=\"wp-block-image size-large\"><img loading=\"lazy\" decoding=\"async\" width=\"1024\" height=\"727\" src=\"http:\/\/www.myrtillevisscher.com\/wp-content\/uploads\/to-give-birth_Myrtille-Visscher_01-1024x727.jpg\" alt=\"\" class=\"wp-image-877\" srcset=\"https:\/\/www.myrtillevisscher.com\/wp-content\/uploads\/to-give-birth_Myrtille-Visscher_01-1024x727.jpg 1024w, https:\/\/www.myrtillevisscher.com\/wp-content\/uploads\/to-give-birth_Myrtille-Visscher_01-300x213.jpg 300w, https:\/\/www.myrtillevisscher.com\/wp-content\/uploads\/to-give-birth_Myrtille-Visscher_01-768x545.jpg 768w, https:\/\/www.myrtillevisscher.com\/wp-content\/uploads\/to-give-birth_Myrtille-Visscher_01-1536x1090.jpg 1536w, https:\/\/www.myrtillevisscher.com\/wp-content\/uploads\/to-give-birth_Myrtille-Visscher_01-2048x1453.jpg 2048w\" sizes=\"auto, (max-width: 1024px) 100vw, 1024px\" \/><\/figure>\n\n\n\n<figure class=\"wp-block-image size-large\"><img loading=\"lazy\" decoding=\"async\" width=\"1024\" height=\"727\" src=\"http:\/\/www.myrtillevisscher.com\/wp-content\/uploads\/to-give-birth_Myrtille-Visscher_02-1024x727.jpg\" alt=\"\" class=\"wp-image-879\" srcset=\"https:\/\/www.myrtillevisscher.com\/wp-content\/uploads\/to-give-birth_Myrtille-Visscher_02-1024x727.jpg 1024w, https:\/\/www.myrtillevisscher.com\/wp-content\/uploads\/to-give-birth_Myrtille-Visscher_02-300x213.jpg 300w, https:\/\/www.myrtillevisscher.com\/wp-content\/uploads\/to-give-birth_Myrtille-Visscher_02-768x545.jpg 768w, https:\/\/www.myrtillevisscher.com\/wp-content\/uploads\/to-give-birth_Myrtille-Visscher_02-1536x1090.jpg 1536w, https:\/\/www.myrtillevisscher.com\/wp-content\/uploads\/to-give-birth_Myrtille-Visscher_02-2048x1453.jpg 2048w\" sizes=\"auto, (max-width: 1024px) 100vw, 1024px\" \/><\/figure>\n\n\n\n<figure class=\"wp-block-image size-large\"><img loading=\"lazy\" decoding=\"async\" width=\"1024\" height=\"727\" src=\"http:\/\/www.myrtillevisscher.com\/wp-content\/uploads\/to-give-birth_Myrtille-Visscher_04-1024x727.jpg\" alt=\"\" class=\"wp-image-881\" srcset=\"https:\/\/www.myrtillevisscher.com\/wp-content\/uploads\/to-give-birth_Myrtille-Visscher_04-1024x727.jpg 1024w, https:\/\/www.myrtillevisscher.com\/wp-content\/uploads\/to-give-birth_Myrtille-Visscher_04-300x213.jpg 300w, https:\/\/www.myrtillevisscher.com\/wp-content\/uploads\/to-give-birth_Myrtille-Visscher_04-768x545.jpg 768w, https:\/\/www.myrtillevisscher.com\/wp-content\/uploads\/to-give-birth_Myrtille-Visscher_04-1536x1090.jpg 1536w, https:\/\/www.myrtillevisscher.com\/wp-content\/uploads\/to-give-birth_Myrtille-Visscher_04-2048x1453.jpg 2048w\" sizes=\"auto, (max-width: 1024px) 100vw, 1024px\" \/><\/figure>\n\n\n\n<figure class=\"wp-block-image size-large\"><img loading=\"lazy\" decoding=\"async\" width=\"1024\" height=\"727\" src=\"http:\/\/www.myrtillevisscher.com\/wp-content\/uploads\/to-give-birth_Myrtille-Visscher_05-1024x727.jpg\" alt=\"\" class=\"wp-image-883\" srcset=\"https:\/\/www.myrtillevisscher.com\/wp-content\/uploads\/to-give-birth_Myrtille-Visscher_05-1024x727.jpg 1024w, https:\/\/www.myrtillevisscher.com\/wp-content\/uploads\/to-give-birth_Myrtille-Visscher_05-300x213.jpg 300w, https:\/\/www.myrtillevisscher.com\/wp-content\/uploads\/to-give-birth_Myrtille-Visscher_05-768x545.jpg 768w, https:\/\/www.myrtillevisscher.com\/wp-content\/uploads\/to-give-birth_Myrtille-Visscher_05-1536x1090.jpg 1536w, https:\/\/www.myrtillevisscher.com\/wp-content\/uploads\/to-give-birth_Myrtille-Visscher_05-2048x1453.jpg 2048w\" sizes=\"auto, (max-width: 1024px) 100vw, 1024px\" \/><\/figure>\n\n\n\n<figure class=\"wp-block-image size-large\"><img loading=\"lazy\" decoding=\"async\" width=\"1024\" height=\"727\" src=\"http:\/\/www.myrtillevisscher.com\/wp-content\/uploads\/to-give-birth_Myrtille-Visscher_06-1024x727.jpg\" alt=\"\" class=\"wp-image-885\" srcset=\"https:\/\/www.myrtillevisscher.com\/wp-content\/uploads\/to-give-birth_Myrtille-Visscher_06-1024x727.jpg 1024w, https:\/\/www.myrtillevisscher.com\/wp-content\/uploads\/to-give-birth_Myrtille-Visscher_06-300x213.jpg 300w, https:\/\/www.myrtillevisscher.com\/wp-content\/uploads\/to-give-birth_Myrtille-Visscher_06-768x545.jpg 768w, https:\/\/www.myrtillevisscher.com\/wp-content\/uploads\/to-give-birth_Myrtille-Visscher_06-1536x1090.jpg 1536w, https:\/\/www.myrtillevisscher.com\/wp-content\/uploads\/to-give-birth_Myrtille-Visscher_06-2048x1453.jpg 2048w\" sizes=\"auto, (max-width: 1024px) 100vw, 1024px\" \/><\/figure>\n\n\n\n<figure class=\"wp-block-image size-large\"><img loading=\"lazy\" decoding=\"async\" width=\"1024\" height=\"727\" src=\"http:\/\/www.myrtillevisscher.com\/wp-content\/uploads\/to-give-birth_Myrtille-Visscher_07-1024x727.jpg\" alt=\"\" class=\"wp-image-887\" srcset=\"https:\/\/www.myrtillevisscher.com\/wp-content\/uploads\/to-give-birth_Myrtille-Visscher_07-1024x727.jpg 1024w, https:\/\/www.myrtillevisscher.com\/wp-content\/uploads\/to-give-birth_Myrtille-Visscher_07-300x213.jpg 300w, https:\/\/www.myrtillevisscher.com\/wp-content\/uploads\/to-give-birth_Myrtille-Visscher_07-768x545.jpg 768w, https:\/\/www.myrtillevisscher.com\/wp-content\/uploads\/to-give-birth_Myrtille-Visscher_07-1536x1090.jpg 1536w, https:\/\/www.myrtillevisscher.com\/wp-content\/uploads\/to-give-birth_Myrtille-Visscher_07-2048x1453.jpg 2048w\" sizes=\"auto, (max-width: 1024px) 100vw, 1024px\" \/><\/figure>\n\n\n\n<figure class=\"wp-block-image size-large\"><img loading=\"lazy\" decoding=\"async\" width=\"1024\" height=\"727\" src=\"http:\/\/www.myrtillevisscher.com\/wp-content\/uploads\/to-give-birth_Myrtille-Visscher_08-1024x727.jpg\" alt=\"\" class=\"wp-image-889\" srcset=\"https:\/\/www.myrtillevisscher.com\/wp-content\/uploads\/to-give-birth_Myrtille-Visscher_08-1024x727.jpg 1024w, https:\/\/www.myrtillevisscher.com\/wp-content\/uploads\/to-give-birth_Myrtille-Visscher_08-300x213.jpg 300w, https:\/\/www.myrtillevisscher.com\/wp-content\/uploads\/to-give-birth_Myrtille-Visscher_08-768x545.jpg 768w, https:\/\/www.myrtillevisscher.com\/wp-content\/uploads\/to-give-birth_Myrtille-Visscher_08-1536x1090.jpg 1536w, https:\/\/www.myrtillevisscher.com\/wp-content\/uploads\/to-give-birth_Myrtille-Visscher_08-2048x1453.jpg 2048w\" sizes=\"auto, (max-width: 1024px) 100vw, 1024px\" \/><\/figure>\n\n\n\n<figure class=\"wp-block-image size-large\"><img loading=\"lazy\" decoding=\"async\" width=\"1024\" height=\"727\" src=\"http:\/\/www.myrtillevisscher.com\/wp-content\/uploads\/to-give-birth_Myrtille-Visscher_09-1024x727.jpg\" alt=\"\" class=\"wp-image-891\" srcset=\"https:\/\/www.myrtillevisscher.com\/wp-content\/uploads\/to-give-birth_Myrtille-Visscher_09-1024x727.jpg 1024w, https:\/\/www.myrtillevisscher.com\/wp-content\/uploads\/to-give-birth_Myrtille-Visscher_09-300x213.jpg 300w, https:\/\/www.myrtillevisscher.com\/wp-content\/uploads\/to-give-birth_Myrtille-Visscher_09-768x545.jpg 768w, https:\/\/www.myrtillevisscher.com\/wp-content\/uploads\/to-give-birth_Myrtille-Visscher_09-1536x1090.jpg 1536w, https:\/\/www.myrtillevisscher.com\/wp-content\/uploads\/to-give-birth_Myrtille-Visscher_09-2048x1453.jpg 2048w\" sizes=\"auto, (max-width: 1024px) 100vw, 1024px\" \/><\/figure>\n\n\n\n<figure class=\"wp-block-image size-large\"><img loading=\"lazy\" decoding=\"async\" width=\"1024\" height=\"727\" src=\"http:\/\/www.myrtillevisscher.com\/wp-content\/uploads\/to-give-birth_Myrtille-Visscher_10-1024x727.jpg\" alt=\"\" class=\"wp-image-893\" srcset=\"https:\/\/www.myrtillevisscher.com\/wp-content\/uploads\/to-give-birth_Myrtille-Visscher_10-1024x727.jpg 1024w, https:\/\/www.myrtillevisscher.com\/wp-content\/uploads\/to-give-birth_Myrtille-Visscher_10-300x213.jpg 300w, https:\/\/www.myrtillevisscher.com\/wp-content\/uploads\/to-give-birth_Myrtille-Visscher_10-768x545.jpg 768w, https:\/\/www.myrtillevisscher.com\/wp-content\/uploads\/to-give-birth_Myrtille-Visscher_10-1536x1090.jpg 1536w, https:\/\/www.myrtillevisscher.com\/wp-content\/uploads\/to-give-birth_Myrtille-Visscher_10-2048x1453.jpg 2048w\" sizes=\"auto, (max-width: 1024px) 100vw, 1024px\" \/><\/figure>\n\n\n\n<figure class=\"wp-block-image size-large\"><img loading=\"lazy\" decoding=\"async\" width=\"1024\" height=\"727\" src=\"http:\/\/www.myrtillevisscher.com\/wp-content\/uploads\/to-give-birth_Myrtille-Visscher_11-1024x727.jpg\" alt=\"\" class=\"wp-image-895\" srcset=\"https:\/\/www.myrtillevisscher.com\/wp-content\/uploads\/to-give-birth_Myrtille-Visscher_11-1024x727.jpg 1024w, https:\/\/www.myrtillevisscher.com\/wp-content\/uploads\/to-give-birth_Myrtille-Visscher_11-300x213.jpg 300w, https:\/\/www.myrtillevisscher.com\/wp-content\/uploads\/to-give-birth_Myrtille-Visscher_11-768x545.jpg 768w, https:\/\/www.myrtillevisscher.com\/wp-content\/uploads\/to-give-birth_Myrtille-Visscher_11-1536x1090.jpg 1536w, https:\/\/www.myrtillevisscher.com\/wp-content\/uploads\/to-give-birth_Myrtille-Visscher_11-2048x1453.jpg 2048w\" sizes=\"auto, (max-width: 1024px) 100vw, 1024px\" \/><\/figure>\n\n\n\n<figure class=\"wp-block-image size-large\"><img loading=\"lazy\" decoding=\"async\" width=\"1024\" height=\"727\" src=\"http:\/\/www.myrtillevisscher.com\/wp-content\/uploads\/to-give-birth_Myrtille-Visscher_12-1024x727.jpg\" alt=\"\" class=\"wp-image-897\" srcset=\"https:\/\/www.myrtillevisscher.com\/wp-content\/uploads\/to-give-birth_Myrtille-Visscher_12-1024x727.jpg 1024w, https:\/\/www.myrtillevisscher.com\/wp-content\/uploads\/to-give-birth_Myrtille-Visscher_12-300x213.jpg 300w, https:\/\/www.myrtillevisscher.com\/wp-content\/uploads\/to-give-birth_Myrtille-Visscher_12-768x545.jpg 768w, https:\/\/www.myrtillevisscher.com\/wp-content\/uploads\/to-give-birth_Myrtille-Visscher_12-1536x1090.jpg 1536w, https:\/\/www.myrtillevisscher.com\/wp-content\/uploads\/to-give-birth_Myrtille-Visscher_12-2048x1453.jpg 2048w\" sizes=\"auto, (max-width: 1024px) 100vw, 1024px\" \/><\/figure>\n\n\n\n<p><\/p>\n","protected":false},"excerpt":{"rendered":"<p>France, 2018 &#8211; en cours Projet prot\u00e9iforme en cours de cr\u00e9ation, phase de recherche, documentation, rep\u00e9rages et exp\u00e9rimentations. Le point de d\u00e9part est la rencontre avec des sages-femmes lib\u00e9rales accompagnant des accouchements \u00e0 domicile ; et avec des couples faisant ce choix controvers\u00e9 de donner naissance dans un lieu autre qu\u2019une maternit\u00e9. Apr\u00e8s la formation [&hellip;]<\/p>\n","protected":false},"author":1,"featured_media":0,"parent":0,"menu_order":0,"comment_status":"closed","ping_status":"closed","template":"","meta":{"footnotes":""},"class_list":["post-875","page","type-page","status-publish","hentry"],"_links":{"self":[{"href":"https:\/\/www.myrtillevisscher.com\/index.php?rest_route=\/wp\/v2\/pages\/875","targetHints":{"allow":["GET"]}}],"collection":[{"href":"https:\/\/www.myrtillevisscher.com\/index.php?rest_route=\/wp\/v2\/pages"}],"about":[{"href":"https:\/\/www.myrtillevisscher.com\/index.php?rest_route=\/wp\/v2\/types\/page"}],"author":[{"embeddable":true,"href":"https:\/\/www.myrtillevisscher.com\/index.php?rest_route=\/wp\/v2\/users\/1"}],"replies":[{"embeddable":true,"href":"https:\/\/www.myrtillevisscher.com\/index.php?rest_route=%2Fwp%2Fv2%2Fcomments&post=875"}],"version-history":[{"count":5,"href":"https:\/\/www.myrtillevisscher.com\/index.php?rest_route=\/wp\/v2\/pages\/875\/revisions"}],"predecessor-version":[{"id":907,"href":"https:\/\/www.myrtillevisscher.com\/index.php?rest_route=\/wp\/v2\/pages\/875\/revisions\/907"}],"wp:attachment":[{"href":"https:\/\/www.myrtillevisscher.com\/index.php?rest_route=%2Fwp%2Fv2%2Fmedia&parent=875"}],"curies":[{"name":"wp","href":"https:\/\/api.w.org\/{rel}","templated":true}]}}