{"id":593,"date":"2016-09-22T14:30:34","date_gmt":"2016-09-22T13:30:34","guid":{"rendered":"http:\/\/www.myrtillevisscher.com\/?page_id=593"},"modified":"2016-11-07T19:10:25","modified_gmt":"2016-11-07T18:10:25","slug":"ecole-college-la-prairie","status":"publish","type":"page","link":"https:\/\/www.myrtillevisscher.com\/?page_id=593","title":{"rendered":"\u00e9cole coll\u00e8ge La Prairie"},"content":{"rendered":"<p>Photographies d&rsquo;illustration pour le site internet de La Prairie, \u00e9cole \u00e9l\u00e9mentaire et coll\u00e8ge<br \/>\n<a href=\"http:\/\/www.ecolecollege-laprairie.fr\/Fr-fr\/home\/\">www.ecolecollege-laprairie.fr<\/a><\/p>\n<p><img loading=\"lazy\" decoding=\"async\" class=\"alignnone wp-image-615\" src=\"http:\/\/www.myrtillevisscher.com\/wp-content\/uploads\/Screen-Shot-2016-11-07-at-7.03.56-PM.png\" alt=\"screen-shot-2016-11-07-at-7-03-56-pm\" width=\"800\" height=\"315\" srcset=\"https:\/\/www.myrtillevisscher.com\/wp-content\/uploads\/Screen-Shot-2016-11-07-at-7.03.56-PM.png 958w, https:\/\/www.myrtillevisscher.com\/wp-content\/uploads\/Screen-Shot-2016-11-07-at-7.03.56-PM-300x118.png 300w, https:\/\/www.myrtillevisscher.com\/wp-content\/uploads\/Screen-Shot-2016-11-07-at-7.03.56-PM-768x302.png 768w\" sizes=\"auto, (max-width: 800px) 100vw, 800px\" \/><\/p>\n<p><img loading=\"lazy\" decoding=\"async\" class=\"alignnone wp-image-617\" src=\"http:\/\/www.myrtillevisscher.com\/wp-content\/uploads\/Screen-Shot-2016-11-07-at-7.02.24-PM.png\" alt=\"screen-shot-2016-11-07-at-7-02-24-pm\" width=\"800\" height=\"325\" srcset=\"https:\/\/www.myrtillevisscher.com\/wp-content\/uploads\/Screen-Shot-2016-11-07-at-7.02.24-PM.png 959w, https:\/\/www.myrtillevisscher.com\/wp-content\/uploads\/Screen-Shot-2016-11-07-at-7.02.24-PM-300x122.png 300w, https:\/\/www.myrtillevisscher.com\/wp-content\/uploads\/Screen-Shot-2016-11-07-at-7.02.24-PM-768x312.png 768w\" sizes=\"auto, (max-width: 800px) 100vw, 800px\" \/><\/p>\n<p><img loading=\"lazy\" decoding=\"async\" class=\"alignnone wp-image-618\" src=\"http:\/\/www.myrtillevisscher.com\/wp-content\/uploads\/Screen-Shot-2016-11-07-at-7.01.26-PM.png\" alt=\"screen-shot-2016-11-07-at-7-01-26-pm\" width=\"800\" height=\"280\" srcset=\"https:\/\/www.myrtillevisscher.com\/wp-content\/uploads\/Screen-Shot-2016-11-07-at-7.01.26-PM.png 956w, https:\/\/www.myrtillevisscher.com\/wp-content\/uploads\/Screen-Shot-2016-11-07-at-7.01.26-PM-300x105.png 300w, https:\/\/www.myrtillevisscher.com\/wp-content\/uploads\/Screen-Shot-2016-11-07-at-7.01.26-PM-768x269.png 768w\" sizes=\"auto, (max-width: 800px) 100vw, 800px\" \/><\/p>\n<p><img loading=\"lazy\" decoding=\"async\" class=\"alignnone wp-image-619\" src=\"http:\/\/www.myrtillevisscher.com\/wp-content\/uploads\/Screen-Shot-2016-11-07-at-7.00.40-PM.png\" alt=\"screen-shot-2016-11-07-at-7-00-40-pm\" width=\"800\" height=\"433\" srcset=\"https:\/\/www.myrtillevisscher.com\/wp-content\/uploads\/Screen-Shot-2016-11-07-at-7.00.40-PM.png 958w, https:\/\/www.myrtillevisscher.com\/wp-content\/uploads\/Screen-Shot-2016-11-07-at-7.00.40-PM-300x163.png 300w, https:\/\/www.myrtillevisscher.com\/wp-content\/uploads\/Screen-Shot-2016-11-07-at-7.00.40-PM-768x416.png 768w\" sizes=\"auto, (max-width: 800px) 100vw, 800px\" \/><\/p>\n<p>&nbsp;<\/p>\n<p>&nbsp;<\/p>\n","protected":false},"excerpt":{"rendered":"<p>Photographies d&rsquo;illustration pour le site internet de La Prairie, \u00e9cole \u00e9l\u00e9mentaire et coll\u00e8ge www.ecolecollege-laprairie.fr &nbsp; &nbsp;<\/p>\n","protected":false},"author":1,"featured_media":0,"parent":0,"menu_order":0,"comment_status":"closed","ping_status":"closed","template":"","meta":{"footnotes":""},"class_list":["post-593","page","type-page","status-publish","hentry"],"_links":{"self":[{"href":"https:\/\/www.myrtillevisscher.com\/index.php?rest_route=\/wp\/v2\/pages\/593","targetHints":{"allow":["GET"]}}],"collection":[{"href":"https:\/\/www.myrtillevisscher.com\/index.php?rest_route=\/wp\/v2\/pages"}],"about":[{"href":"https:\/\/www.myrtillevisscher.com\/index.php?rest_route=\/wp\/v2\/types\/page"}],"author":[{"embeddable":true,"href":"https:\/\/www.myrtillevisscher.com\/index.php?rest_route=\/wp\/v2\/users\/1"}],"replies":[{"embeddable":true,"href":"https:\/\/www.myrtillevisscher.com\/index.php?rest_route=%2Fwp%2Fv2%2Fcomments&post=593"}],"version-history":[{"count":4,"href":"https:\/\/www.myrtillevisscher.com\/index.php?rest_route=\/wp\/v2\/pages\/593\/revisions"}],"predecessor-version":[{"id":620,"href":"https:\/\/www.myrtillevisscher.com\/index.php?rest_route=\/wp\/v2\/pages\/593\/revisions\/620"}],"wp:attachment":[{"href":"https:\/\/www.myrtillevisscher.com\/index.php?rest_route=%2Fwp%2Fv2%2Fmedia&parent=593"}],"curies":[{"name":"wp","href":"https:\/\/api.w.org\/{rel}","templated":true}]}}