{"id":500,"date":"2015-07-25T15:00:57","date_gmt":"2015-07-25T14:00:57","guid":{"rendered":"http:\/\/www.myrtillevisscher.com\/?page_id=500"},"modified":"2022-03-10T13:38:04","modified_gmt":"2022-03-10T12:38:04","slug":"ieto-bals-trad","status":"publish","type":"page","link":"https:\/\/www.myrtillevisscher.com\/?page_id=500","title":{"rendered":"i\u00e9to &#8211; bals trad etc"},"content":{"rendered":"\n\n<p>2011 &#8211; 2021<br \/>France, Portugal<\/p>\n<p><a href=\"http:\/\/www.myrtillevisscher.com\/\"><strong>-&gt; LIVRE D&rsquo;ARTISTE, sortie janvier 2021<\/strong><\/a><\/p>\n<p><a href=\"https:\/\/vimeo.com\/362303167\" target=\"_blank\" rel=\"noopener\"><strong>-&gt; court-m\u00e9trage \u00ab\u00a0i\u00e9to\u00a0\u00bb (8 min)<\/strong><\/a><\/p>\n<p lang=\"fr-FR\">\u00ab<em>i\u00e9to ?!<\/em>\u00bb<br \/>vous \u00eates pr\u00eats ?<br \/>demandent les musiciens du Poitou <br \/>avant de commencer \u00e0 jouer ; <br \/>quitte \u00e0 le r\u00e9p\u00e9ter si la foule de danseurs<br \/>ne donne pas l&rsquo;habituel <br \/>\u00ab<em>oy\u00e9 !<\/em>\u00bb<\/p>\n<p>\u00a0<\/p>\n<p><img loading=\"lazy\" decoding=\"async\" class=\"alignnone wp-image-665 size-full\" src=\"http:\/\/www.myrtillevisscher.com\/wp-content\/uploads\/ieto-A-bd-e1547650245871.jpg\" alt=\"\" width=\"4003\" height=\"700\" \/>(scrol &gt;)<\/p>\n<p><em><strong>Bon pour un baiser indescriptible<\/strong><\/em><\/p>\n<p><em>Boeuf, 5h du mat. <\/em><br \/><em>Sur la terrasse de la brasserie du village, <\/em><br \/><em>on danse dans le noir, \u00e0 l\u2019ombre des lampadaires. <\/em><br \/><em>Au radar.<\/em><br \/><em>Ah la jolie scottish. <\/em><br \/><em>L\u00e0, un mec seul <\/em><br \/><em>devant les piles de chaises du bar ferm\u00e9. <\/em><br \/><em>C\u2019est sorti comme \u00e7a, de ma voix fatigu\u00e9e <\/em><br \/><em>au ton \u00e9tonnamment bas et tranquille : <\/em><br \/><em>\u201c Tu danses ? \u201d<\/em><\/p>\n<p><em>En bref, j\u2019ai ferm\u00e9 les yeux et je me suis laiss\u00e9e <\/em><br \/><em>porter. C\u2019\u00e9tait peut-\u00eatre incroyable. <\/em><br \/><em>Apr\u00e8s cette danse, il n\u2019arr\u00eatait pas de me regarder. <\/em><br \/><em>Et de m\u2019inviter encore et encore. Jusqu\u2019\u00e0 arriver <\/em><br \/><em>de l\u2019autre c\u00f4t\u00e9 du pont au lever du jour. <\/em><br \/><em>Puis il m\u2019a vol\u00e9 un baiser, contractuel. <\/em><br \/><em>Il m\u2019a donn\u00e9 un petit papier : <\/em><br \/>Bon pour un baiser. <br \/><em>\u201c Celui que tu veux. Tu choisis le baiser qui <\/em><br \/><em>te pla\u00eet, et tu me l&rsquo;\u00e9changes contre le bon.\u201d<\/em><\/p>\n<p>\u00a0<\/p>\n<p><img loading=\"lazy\" decoding=\"async\" class=\"alignnone size-full wp-image-675\" src=\"http:\/\/www.myrtillevisscher.com\/wp-content\/uploads\/ieto-sequenceB-bd.jpg\" alt=\"\" width=\"4574\" height=\"800\" \/>\u00a0<\/p>\n<p><em><strong>Un seul corps<\/strong><\/em><\/p>\n<p><em>Son visage, et tout son corps, laissent apercevoir <\/em><br \/><em>sa jouissance et sa profonde intimit\u00e9 <\/em><br \/><em>avec la musique.<\/em><\/p>\n<p><em>J\u2019imagine que je suis la musique ; ou l\u2019instrument <\/em><br \/><em>qu\u2019il tient dans ses mains, <\/em><br \/><em>qu\u2019il connait par c\u0153ur et qu\u2019il sait caresser <\/em><br \/><em>pour en r\u00e9v\u00e9ler sa valeur.<\/em><\/p>\n<p><em>Dans les bras d\u2019un danseur, je suis la musique. <\/em><br \/><em>Avec le danseur, nous sommes un seul corps. <\/em><br \/><em>Nous sommes cette histoire m\u00e9lodieuse, <\/em><br \/><em>charmeuse, entra\u00eenante, langoureuse.<\/em><\/p>\n<p>\u00a0<\/p>\n<p><img loading=\"lazy\" decoding=\"async\" class=\"alignnone wp-image-676 size-full\" src=\"http:\/\/www.myrtillevisscher.com\/wp-content\/uploads\/ieto-sequenceE-bd-e1547650017285.jpg\" alt=\"\" width=\"3551\" height=\"700\" \/><\/p>","protected":false},"excerpt":{"rendered":"<p>2011 &#8211; 2021France, Portugal -&gt; LIVRE D&rsquo;ARTISTE, sortie janvier 2021 -&gt; court-m\u00e9trage \u00ab\u00a0i\u00e9to\u00a0\u00bb (8 min) \u00abi\u00e9to ?!\u00bbvous \u00eates pr\u00eats ?demandent les musiciens du Poitou avant de commencer \u00e0 jouer ; quitte \u00e0 le r\u00e9p\u00e9ter si la foule de danseursne donne pas l&rsquo;habituel \u00aboy\u00e9 !\u00bb \u00a0 (scrol &gt;) Bon pour un baiser indescriptible Boeuf, 5h du [&hellip;]<\/p>\n","protected":false},"author":1,"featured_media":0,"parent":0,"menu_order":0,"comment_status":"closed","ping_status":"open","template":"","meta":{"footnotes":""},"class_list":["post-500","page","type-page","status-publish","hentry"],"_links":{"self":[{"href":"https:\/\/www.myrtillevisscher.com\/index.php?rest_route=\/wp\/v2\/pages\/500","targetHints":{"allow":["GET"]}}],"collection":[{"href":"https:\/\/www.myrtillevisscher.com\/index.php?rest_route=\/wp\/v2\/pages"}],"about":[{"href":"https:\/\/www.myrtillevisscher.com\/index.php?rest_route=\/wp\/v2\/types\/page"}],"author":[{"embeddable":true,"href":"https:\/\/www.myrtillevisscher.com\/index.php?rest_route=\/wp\/v2\/users\/1"}],"replies":[{"embeddable":true,"href":"https:\/\/www.myrtillevisscher.com\/index.php?rest_route=%2Fwp%2Fv2%2Fcomments&post=500"}],"version-history":[{"count":30,"href":"https:\/\/www.myrtillevisscher.com\/index.php?rest_route=\/wp\/v2\/pages\/500\/revisions"}],"predecessor-version":[{"id":915,"href":"https:\/\/www.myrtillevisscher.com\/index.php?rest_route=\/wp\/v2\/pages\/500\/revisions\/915"}],"wp:attachment":[{"href":"https:\/\/www.myrtillevisscher.com\/index.php?rest_route=%2Fwp%2Fv2%2Fmedia&parent=500"}],"curies":[{"name":"wp","href":"https:\/\/api.w.org\/{rel}","templated":true}]}}