{"id":417,"date":"2014-02-10T16:08:01","date_gmt":"2014-02-10T15:08:01","guid":{"rendered":"http:\/\/www.myrtillevisscher.com\/?page_id=417"},"modified":"2014-11-06T15:39:29","modified_gmt":"2014-11-06T14:39:29","slug":"paroles-at-home","status":"publish","type":"page","link":"https:\/\/www.myrtillevisscher.com\/?page_id=417","title":{"rendered":"festival Paroles at home"},"content":{"rendered":"<p style=\"text-align: center;\"><img loading=\"lazy\" decoding=\"async\" class=\"aligncenter size-full wp-image-410\" src=\"http:\/\/www.myrtillevisscher.com\/wp-content\/uploads\/fly_expo23nov2013.jpg\" alt=\"expo Paroles at home\" width=\"400\" height=\"566\" srcset=\"https:\/\/www.myrtillevisscher.com\/wp-content\/uploads\/fly_expo23nov2013.jpg 400w, https:\/\/www.myrtillevisscher.com\/wp-content\/uploads\/fly_expo23nov2013-212x300.jpg 212w\" sizes=\"auto, (max-width: 400px) 100vw, 400px\" \/><\/p>\n<p><span style=\"text-decoration: underline;\"><a title=\"dossier expo Paroles at home\" href=\"http:\/\/www.myrtillevisscher.com\/wp-content\/uploads\/dossier_expo_parolesathome_myrtillevisscher.pdf\" target=\"_blank\">&gt; t\u00e9l\u00e9charger le dossier de l&rsquo;exposition<\/a><\/p>\n<p>Le festival<\/span> (4 week-ends entre mars et juin 2013, puis du 20 au 23 novembre 2013)<\/p>\n<p>Imaginons que nous inversions espace public \/ espace priv\u00e9\u2026 Que votre librairie pr\u00e9f\u00e9r\u00e9e soit votre biblioth\u00e8que. Votre salon une sc\u00e8ne. Vos souvenirs photo une expo. Votre immeuble un grand th\u00e9\u00e2tre. Imaginons que nous inversions la notion m\u00eame d\u2019acteur \/ spectateur. Que celui qui raconte des histoires se nourrisse de vous. Que le conteur vous \u00e9coute. Imaginons que nous m\u00e9langions tout, l\u2019espace d\u2019un dimanche.<\/p>\n<p>Paroles at home est un festival sur le th\u00e8me de la maison. Ce festival interroge aussi bien la notion d\u2019accueil, d\u2019intimit\u00e9, le rapport au \u201cchez soi\u201d, que le sentiment de s\u00e9curit\u00e9. Et si on \u00e9largit la r\u00e9flexion \u00e0 l\u2019\u00e9chelle d\u2019une ville, il vient questionner le \u201cchez nous\u201d.<\/p>\n<p>Itin\u00e9rance Orale a re\u00e7u la bourse Toulous\u2019 Up en 2012 pour l\u2019\u00e9laboration des quatre week-ends de conte chez l\u2019habitant et l\u2019exposition photo en r\u00e9sultant.<\/p>\n<p><span style=\"text-decoration: underline;\">L\u2019exposition<\/span><\/p>\n<p>Le projet photographique li\u00e9 au festival Paroles at home vise \u00e0 laisser une trace dans le temps, une forme visible et personnelle, de l\u2019\u00e9change \u00e9ph\u00e9m\u00e8re entre le conteur et ses auditeurs, entre le conteur et ses h\u00f4tes, en s\u2019appropriant le contexte de la maison et du quotidien. Je m\u2019\u2019int\u00e9resse aux d\u00e9tails symboliques et particuliers \u00e0 chaque \u201cchez soi\u201d, \u00e0 l\u2019ambiance que chacun y cr\u00e9e, ce qui marque la m\u00e9moire et peut-\u00eatre<br \/>\nl\u2019inconscient.<\/p>\n<p>Nous avons v\u00e9cu quatre rencontres et quatre exp\u00e9riences diff\u00e9rentes. Chacune a laiss\u00e9 dans mon souvenir, et sur la pellicule photo, une trace qui lui est propre. J\u2019ai choisi une forme d\u2019exposition photographique diff\u00e9rente pour chaque week-end, traduisant symboliquement l\u2019histoire v\u00e9cue et ses moments forts.<\/p>\n<p>Toutes les images ont \u00e9t\u00e9 faites avec un appareil \u201cmoyen format\u201d (qui d\u00e9signe le format de la pellicule utilis\u00e9e). Cela oblige \u00e0 prendre le temps de faire le cadrage, et restreint le nombre de prise de vues (12 poses sur une pellicule). L\u2019utilisation de cet appareil donne une importance particuli\u00e8re au moment photographi\u00e9, comme lorsque nos grand-p\u00e8res faisaient des photos pour l\u2019album de famille avec ce m\u00eame type d\u2019appareil.<br \/>\nMon choix pour la photographie argentique en noir et blanc s\u2019appuie sur les notions de tradition et d\u2019imaginaire li\u00e9es au conte. Il traduit le d\u00e9calage entre le v\u00e9cu et l\u2019image qu\u2019on en garde.<\/p>\n","protected":false},"excerpt":{"rendered":"<p>&gt; t\u00e9l\u00e9charger le dossier de l&rsquo;exposition Le festival (4 week-ends entre mars et juin 2013, puis du 20 au 23 novembre 2013) Imaginons que nous inversions espace public \/ espace priv\u00e9\u2026 Que votre librairie pr\u00e9f\u00e9r\u00e9e soit votre biblioth\u00e8que. Votre salon une sc\u00e8ne. Vos souvenirs photo une expo. Votre immeuble un grand th\u00e9\u00e2tre. Imaginons que nous [&hellip;]<\/p>\n","protected":false},"author":1,"featured_media":0,"parent":0,"menu_order":0,"comment_status":"closed","ping_status":"open","template":"","meta":{"footnotes":""},"class_list":["post-417","page","type-page","status-publish","hentry"],"_links":{"self":[{"href":"https:\/\/www.myrtillevisscher.com\/index.php?rest_route=\/wp\/v2\/pages\/417","targetHints":{"allow":["GET"]}}],"collection":[{"href":"https:\/\/www.myrtillevisscher.com\/index.php?rest_route=\/wp\/v2\/pages"}],"about":[{"href":"https:\/\/www.myrtillevisscher.com\/index.php?rest_route=\/wp\/v2\/types\/page"}],"author":[{"embeddable":true,"href":"https:\/\/www.myrtillevisscher.com\/index.php?rest_route=\/wp\/v2\/users\/1"}],"replies":[{"embeddable":true,"href":"https:\/\/www.myrtillevisscher.com\/index.php?rest_route=%2Fwp%2Fv2%2Fcomments&post=417"}],"version-history":[{"count":6,"href":"https:\/\/www.myrtillevisscher.com\/index.php?rest_route=\/wp\/v2\/pages\/417\/revisions"}],"predecessor-version":[{"id":461,"href":"https:\/\/www.myrtillevisscher.com\/index.php?rest_route=\/wp\/v2\/pages\/417\/revisions\/461"}],"wp:attachment":[{"href":"https:\/\/www.myrtillevisscher.com\/index.php?rest_route=%2Fwp%2Fv2%2Fmedia&parent=417"}],"curies":[{"name":"wp","href":"https:\/\/api.w.org\/{rel}","templated":true}]}}