{"id":296,"date":"2013-06-21T14:49:29","date_gmt":"2013-06-21T13:49:29","guid":{"rendered":"http:\/\/www.myrtillevisscher.com\/?page_id=296"},"modified":"2013-06-23T20:17:06","modified_gmt":"2013-06-23T19:17:06","slug":"belle-avec-un-seul-sein-beautiful-with-one-breast-2","status":"publish","type":"page","link":"https:\/\/www.myrtillevisscher.com\/?page_id=296","title":{"rendered":"Belle avec un seul sein \/ <br> <i>Beautiful with one breast <\/i>"},"content":{"rendered":"<p>2007 &#8211; 2008<br \/>\nPays-Bas \/ <em>Netherlands<\/em><\/p>\n<p>Apr\u00e8s l&rsquo;op\u00e9ration d&rsquo;ablation d&rsquo;un sein, caus\u00e9e par un cancer, certaines femmes font le choix de ne pas porter de proth\u00e8se. Elles s&rsquo;acceptent et s&rsquo;aiment comme elles sont, sans chercher \u00e0 cacher leur diff\u00e9rence troublante. Pour le projet \u00ab\u00a0Belle avec un seul sein\u00a0\u00bb, j&rsquo;ai choisi d&rsquo;en rencontrer plusieurs, et de les accompagner dans leur quotidien. J&rsquo;ai pris le temps de rencontrer chaque femme chez elle, de parler du projet qui illustre un questionnement sur le corps de la femme, sa condition mutil\u00e9e, son image, le regard des autres, les attentes et les id\u00e9es pr\u00e9con\u00e7ues. Nous avons partag\u00e9 pendant plusieurs mois des moments intimes et des moments de vie sociale.<br \/>\nCet \u00e9change a eu pour r\u00e9sultat une \u00e9dition \u00e0 exemplaire unique regroupant six s\u00e9ries, une pour chaque femme photographi\u00e9e ; chacune faisant l&rsquo;objet d&rsquo;un chapitre de l&rsquo;ouvrage.<\/p>\n<p><img decoding=\"async\" class=\" wp-image-90 alignnone\" alt=\"book_cover\" src=\"http:\/\/www.myrtillevisscher.com\/wp-content\/uploads\/book_cover.jpg\" height=\"270\" srcset=\"https:\/\/www.myrtillevisscher.com\/wp-content\/uploads\/book_cover.jpg 367w, https:\/\/www.myrtillevisscher.com\/wp-content\/uploads\/book_cover-300x245.jpg 300w\" sizes=\"(max-width: 367px) 100vw, 367px\" \/><\/p>\n<p><img loading=\"lazy\" decoding=\"async\" class=\"size-full wp-image-89 alignnone\" alt=\"book_coby_expo\" src=\"http:\/\/www.myrtillevisscher.com\/wp-content\/uploads\/book_coby_expo.jpg\" width=\"661\" height=\"300\" srcset=\"https:\/\/www.myrtillevisscher.com\/wp-content\/uploads\/book_coby_expo.jpg 661w, https:\/\/www.myrtillevisscher.com\/wp-content\/uploads\/book_coby_expo-300x136.jpg 300w\" sizes=\"auto, (max-width: 661px) 100vw, 661px\" \/><\/p>\n<p>\/<\/p>\n<p><em>After a breast amputation, caused by cancer, some women make the choice of not wearing a prosthesis. They accept their body and are live as they are, not hiding their disturbing difference. For the project \u00ab\u00a0Beautiful with one breast\u00a0\u00bb I chose to meet some of them, and to follow them in their daily life. I took the time to meet each woman at her place, to talk about the project illustrating a questionning on the female body, its mutilated condition, its image, other people&rsquo;s looking, expactations and prejudices. We shared moments of intimacy and moments of social life during several months.<\/em><em>This sharing resultated in a single book edition with six chapters, one for each woman I photographed.<\/em><\/p>\n","protected":false},"excerpt":{"rendered":"<p>2007 &#8211; 2008 Pays-Bas \/ Netherlands Apr\u00e8s l&rsquo;op\u00e9ration d&rsquo;ablation d&rsquo;un sein, caus\u00e9e par un cancer, certaines femmes font le choix de ne pas porter de proth\u00e8se. Elles s&rsquo;acceptent et s&rsquo;aiment comme elles sont, sans chercher \u00e0 cacher leur diff\u00e9rence troublante. Pour le projet \u00ab\u00a0Belle avec un seul sein\u00a0\u00bb, j&rsquo;ai choisi d&rsquo;en rencontrer plusieurs, et de [&hellip;]<\/p>\n","protected":false},"author":1,"featured_media":0,"parent":0,"menu_order":0,"comment_status":"closed","ping_status":"open","template":"","meta":{"footnotes":""},"class_list":["post-296","page","type-page","status-publish","hentry"],"_links":{"self":[{"href":"https:\/\/www.myrtillevisscher.com\/index.php?rest_route=\/wp\/v2\/pages\/296","targetHints":{"allow":["GET"]}}],"collection":[{"href":"https:\/\/www.myrtillevisscher.com\/index.php?rest_route=\/wp\/v2\/pages"}],"about":[{"href":"https:\/\/www.myrtillevisscher.com\/index.php?rest_route=\/wp\/v2\/types\/page"}],"author":[{"embeddable":true,"href":"https:\/\/www.myrtillevisscher.com\/index.php?rest_route=\/wp\/v2\/users\/1"}],"replies":[{"embeddable":true,"href":"https:\/\/www.myrtillevisscher.com\/index.php?rest_route=%2Fwp%2Fv2%2Fcomments&post=296"}],"version-history":[{"count":3,"href":"https:\/\/www.myrtillevisscher.com\/index.php?rest_route=\/wp\/v2\/pages\/296\/revisions"}],"predecessor-version":[{"id":328,"href":"https:\/\/www.myrtillevisscher.com\/index.php?rest_route=\/wp\/v2\/pages\/296\/revisions\/328"}],"wp:attachment":[{"href":"https:\/\/www.myrtillevisscher.com\/index.php?rest_route=%2Fwp%2Fv2%2Fmedia&parent=296"}],"curies":[{"name":"wp","href":"https:\/\/api.w.org\/{rel}","templated":true}]}}