{"id":286,"date":"2013-06-21T14:18:01","date_gmt":"2013-06-21T13:18:01","guid":{"rendered":"http:\/\/www.myrtillevisscher.com\/?page_id=286"},"modified":"2013-06-23T20:18:06","modified_gmt":"2013-06-23T19:18:06","slug":"blanche-lune-white-moon-2","status":"publish","type":"page","link":"https:\/\/www.myrtillevisscher.com\/?page_id=286","title":{"rendered":"Blanche Lune \/ <i>White Moon <\/i>"},"content":{"rendered":"<p>2006 \u2013 en cours \/ <em>work in progress<br \/>\n<\/em>France<\/p>\n<p>Une petite s\u0153ur est comme un miroir au pass\u00e9. L&rsquo;espace temps qui s\u00e9pare la plus \u00e2g\u00e9e de la plus jeune dispara\u00eet lorsque cette derni\u00e8re rejoue au pr\u00e9sent les souvenirs d&rsquo;enfance de la premi\u00e8re. La photographie me sert de m\u00e9moire subjective et s\u00e9lective.\u00a0 A travers les formes d&rsquo;un corps qui n&rsquo;est pas le mien, ce travail est une introspection et un questionnement sur l\u2019ambigu\u00eft\u00e9 de l&rsquo;image.<\/p>\n<p>\/<\/p>\n<p><em>A little sister is like a mirror in the past. The time space separating the older one from the youngest one disappears when the second one plays in the present the child memories of the first one. I use photography as a subjective and selective memory. Through forms of a body that is not mine, this work is an introspection and a questionning on the ambiguity of image.<\/em><\/p>\n","protected":false},"excerpt":{"rendered":"<p>2006 \u2013 en cours \/ work in progress France Une petite s\u0153ur est comme un miroir au pass\u00e9. L&rsquo;espace temps qui s\u00e9pare la plus \u00e2g\u00e9e de la plus jeune dispara\u00eet lorsque cette derni\u00e8re rejoue au pr\u00e9sent les souvenirs d&rsquo;enfance de la premi\u00e8re. La photographie me sert de m\u00e9moire subjective et s\u00e9lective.\u00a0 A travers les formes [&hellip;]<\/p>\n","protected":false},"author":1,"featured_media":0,"parent":0,"menu_order":0,"comment_status":"closed","ping_status":"open","template":"","meta":{"footnotes":""},"class_list":["post-286","page","type-page","status-publish","hentry"],"_links":{"self":[{"href":"https:\/\/www.myrtillevisscher.com\/index.php?rest_route=\/wp\/v2\/pages\/286","targetHints":{"allow":["GET"]}}],"collection":[{"href":"https:\/\/www.myrtillevisscher.com\/index.php?rest_route=\/wp\/v2\/pages"}],"about":[{"href":"https:\/\/www.myrtillevisscher.com\/index.php?rest_route=\/wp\/v2\/types\/page"}],"author":[{"embeddable":true,"href":"https:\/\/www.myrtillevisscher.com\/index.php?rest_route=\/wp\/v2\/users\/1"}],"replies":[{"embeddable":true,"href":"https:\/\/www.myrtillevisscher.com\/index.php?rest_route=%2Fwp%2Fv2%2Fcomments&post=286"}],"version-history":[{"count":4,"href":"https:\/\/www.myrtillevisscher.com\/index.php?rest_route=\/wp\/v2\/pages\/286\/revisions"}],"predecessor-version":[{"id":292,"href":"https:\/\/www.myrtillevisscher.com\/index.php?rest_route=\/wp\/v2\/pages\/286\/revisions\/292"}],"wp:attachment":[{"href":"https:\/\/www.myrtillevisscher.com\/index.php?rest_route=%2Fwp%2Fv2%2Fmedia&parent=286"}],"curies":[{"name":"wp","href":"https:\/\/api.w.org\/{rel}","templated":true}]}}